{"id":58,"date":"2018-12-20T09:21:38","date_gmt":"2018-12-20T07:21:38","guid":{"rendered":"https:\/\/elopart.com\/?page_id=58"},"modified":"2023-06-08T19:52:24","modified_gmt":"2023-06-08T16:52:24","slug":"services","status":"publish","type":"page","link":"https:\/\/elopart.com\/en\/services\/","title":{"rendered":"Services"},"content":{"rendered":"<p>[et_pb_section fb_built=&#8221;1&#8243; fullwidth=&#8221;on&#8221; admin_label=&#8221;Page Header&#8221; _builder_version=&#8221;4.16&#8243; background_image=&#8221;https:\/\/elopart.com\/en\/wp-content\/uploads\/sites\/3\/2018\/12\/maahantuontia_elopart_oy.jpg&#8221; global_colors_info=&#8221;{}&#8221;][et_pb_fullwidth_header title=&#8221;Services&#8221; text_orientation=&#8221;center&#8221; content_max_width=&#8221;90%&#8221; admin_label=&#8221;Hero Section&#8221; _builder_version=&#8221;4.16&#8243; title_font=&#8221;Montserrat|700|||||||&#8221; title_font_size=&#8221;55px&#8221; title_line_height=&#8221;1.1em&#8221; content_font=&#8221;||||||||&#8221; content_font_size=&#8221;22px&#8221; content_line_height=&#8221;1.1em&#8221; subhead_font=&#8221;||||&#8221; background_color=&#8221;rgba(255,255,255,0)&#8221; use_background_color_gradient=&#8221;on&#8221; background_color_gradient_direction=&#8221;202deg&#8221; background_color_gradient_stops=&#8221;rgba(0,0,0,0.36) 41%|rgba(224,134,0,0.7) 100%&#8221; background_color_gradient_start=&#8221;rgba(0,0,0,0.36)&#8221; background_color_gradient_start_position=&#8221;41%&#8221; background_color_gradient_end=&#8221;rgba(224,134,0,0.7)&#8221; custom_button_one=&#8221;on&#8221; button_one_text_size=&#8221;16px&#8221; button_one_bg_color=&#8221;rgba(233,174,54,0.87)&#8221; button_one_border_width=&#8221;1px&#8221; button_one_border_color=&#8221;#ffffff&#8221; button_one_letter_spacing=&#8221;2px&#8221; button_one_font=&#8221;Montserrat|||on|||||&#8221; button_one_icon=&#8221;&#x35;||divi||400&#8243; button_one_on_hover=&#8221;off&#8221; custom_button_two=&#8221;on&#8221; button_two_text_size=&#8221;16px&#8221; button_two_text_color=&#8221;#c99e24&#8243; button_two_border_width=&#8221;2px&#8221; button_two_border_color=&#8221;#ffffff&#8221; button_two_border_radius=&#8221;0&#8243; button_two_letter_spacing=&#8221;2&#8243; button_two_font=&#8221;Montserrat|||on|&#8221; button_two_use_icon=&#8221;off&#8221; module_alignment=&#8221;left&#8221; custom_margin=&#8221;|||&#8221; custom_padding=&#8221;120px||120px|&#8221; custom_padding_tablet=&#8221;&#8221; custom_padding_phone=&#8221;20px||20px&#8221; custom_padding_last_edited=&#8221;on|phone&#8221; animation_style=&#8221;fade&#8221; title_font_size_tablet=&#8221;45px&#8221; title_font_size_phone=&#8221;30px&#8221; title_font_size_last_edited=&#8221;on|desktop&#8221; title_letter_spacing_last_edited=&#8221;off|desktop&#8221; title_line_height_tablet=&#8221;&#8221; title_line_height_phone=&#8221;&#8221; title_line_height_last_edited=&#8221;on|desktop&#8221; content_font_size_tablet=&#8221;&#8221; content_font_size_phone=&#8221;20px&#8221; content_font_size_last_edited=&#8221;on|phone&#8221; box_shadow_style_button_two=&#8221;preset1&#8243; box_shadow_color_button_two=&#8221;#242424&#8243; button_one_text_color_hover=&#8221;#6eba01&#8243; button_two_text_color_hover=&#8221;#6eba01&#8243; button_one_border_color_hover=&#8221;#ffffff&#8221; button_two_border_color_hover=&#8221;#ffffff&#8221; button_one_border_radius_hover=&#8221;0&#8243; button_two_border_radius_hover=&#8221;0&#8243; button_one_letter_spacing_hover=&#8221;2&#8243; button_two_letter_spacing_hover=&#8221;2&#8243; button_one_bg_color_hover=&#8221;#ffffff&#8221; button_two_bg_color_hover=&#8221;#ffffff&#8221; global_colors_info=&#8221;{}&#8221; button_one_text_size__hover_enabled=&#8221;off&#8221; button_two_text_size__hover_enabled=&#8221;off&#8221; button_one_text_color__hover_enabled=&#8221;on&#8221; button_one_text_color__hover=&#8221;#ffffff&#8221; button_two_text_color__hover_enabled=&#8221;on&#8221; button_two_text_color__hover=&#8221;#ffcf47&#8243; button_one_border_width__hover_enabled=&#8221;off&#8221; button_two_border_width__hover_enabled=&#8221;off&#8221; button_one_border_color__hover_enabled=&#8221;on&#8221; button_one_border_color__hover=&#8221;#ffffff&#8221; button_two_border_color__hover_enabled=&#8221;on&#8221; button_two_border_color__hover=&#8221;#c99e24&#8243; button_one_border_radius__hover_enabled=&#8221;on&#8221; button_one_border_radius__hover=&#8221;3px&#8221; button_two_border_radius__hover_enabled=&#8221;on&#8221; button_two_border_radius__hover=&#8221;0&#8243; button_one_letter_spacing__hover_enabled=&#8221;on&#8221; button_one_letter_spacing__hover=&#8221;2px&#8221; button_two_letter_spacing__hover_enabled=&#8221;on&#8221; button_two_letter_spacing__hover=&#8221;2&#8243; button_one_bg_color__hover_enabled=&#8221;on&#8221; button_one_bg_color__hover=&#8221;rgba(255,187,0,0.57)&#8221; button_two_bg_color__hover_enabled=&#8221;on&#8221; button_two_bg_color__hover=&#8221;#c99e24&#8243;][\/et_pb_fullwidth_header][\/et_pb_section][et_pb_section fb_built=&#8221;1&#8243; admin_label=&#8221;Services&#8221; _builder_version=&#8221;4.16&#8243; custom_padding=&#8221;90px||90px|&#8221; locked=&#8221;off&#8221; global_colors_info=&#8221;{}&#8221;][et_pb_row _builder_version=&#8221;4.16&#8243; background_size=&#8221;initial&#8221; background_position=&#8221;top_left&#8221; background_repeat=&#8221;repeat&#8221; custom_width_px=&#8221;710px&#8221; global_colors_info=&#8221;{}&#8221;][et_pb_column type=&#8221;4_4&#8243; _builder_version=&#8221;4.16&#8243; background_position=&#8221;top_left&#8221; custom_padding=&#8221;|||&#8221; global_colors_info=&#8221;{}&#8221; custom_padding__hover=&#8221;|||&#8221;][et_pb_divider color=&#8221;#e9ae36&#8243; divider_weight=&#8221;3px&#8221; disabled_on=&#8221;off|off|off&#8221; _builder_version=&#8221;4.16&#8243; background_color_gradient_direction=&#8221;90deg&#8221; max_width=&#8221;100px&#8221; module_alignment=&#8221;center&#8221; height=&#8221;5px&#8221; custom_margin=&#8221;||20px|&#8221; custom_padding=&#8221;||20px|&#8221; animation_style=&#8221;slide&#8221; animation_direction=&#8221;bottom&#8221; saved_tabs=&#8221;all&#8221; locked=&#8221;off&#8221; global_colors_info=&#8221;{}&#8221;][\/et_pb_divider][et_pb_text admin_label=&#8221;Services Section Title&#8221; _builder_version=&#8221;4.16&#8243; header_font=&#8221;Montserrat||||&#8221; header_text_color=&#8221;#1f1f1f&#8221; header_font_size=&#8221;36px&#8221; text_orientation=&#8221;center&#8221; max_width=&#8221;710px&#8221; module_alignment=&#8221;center&#8221; animation_style=&#8221;fold&#8221; animation_direction=&#8221;bottom&#8221; animation_intensity_fold=&#8221;20%&#8221; locked=&#8221;off&#8221; global_colors_info=&#8221;{}&#8221;]<\/p>\n<h1>Services<\/h1>\n<p>[\/et_pb_text][et_pb_text admin_label=&#8221;Services Section Subtitle&#8221; _builder_version=&#8221;4.16&#8243; text_font=&#8221;||||||||&#8221; text_font_size=&#8221;16px&#8221; text_line_height=&#8221;1.9em&#8221; background_size=&#8221;initial&#8221; background_position=&#8221;top_left&#8221; background_repeat=&#8221;repeat&#8221; max_width=&#8221;710px&#8221; module_alignment=&#8221;center&#8221; animation_style=&#8221;fold&#8221; animation_direction=&#8221;bottom&#8221; animation_intensity_fold=&#8221;20%&#8221; global_colors_info=&#8221;{}&#8221;]<\/p>\n<p>The requirements from the Customers are getting more tighter year by year. Able to avoid product manufacturing to be transferred elsewhere by the final Customer, we have to find more competitiveness very quickly.<\/p>\n<p>Elopart Oy was established based on this task. We concentrate mostly to small and medium size companies.<span>\u00a0<\/span><br \/>Together with our Customers, we will find the solutions to make the company and their products to be even more competitive. And what&#8217;s important, without risks!<\/p>\n<p>If Customer wants, we are also willing to help Customer&#8217;s suppliers \/ Sub-Contractors. By this way Customer reaches all the needed power and productivity of the whole supplier base.<\/p>\n<p>The best way to start the cooperation is to visit the customer and make the needed analyses.<\/p>\n<p>Then we can agree how to take this project forward and what the priorities are etc. Of course we can also start to work immediately according the offer requests sent by the customer.<br \/>The delivery times depend on the demanding of the product, possible tooling needs and the transportation.<\/p>\n<p><strong>Based on the Customer&#8217;s need, Elopart\u00a0 Oy can service\u00a0 the Customer applying the following options:<\/strong><\/p>\n<ul>\n<li>Sourcing and selecting the Suppliers, which meet the Customer&#8217;s requirements and which allready have the quality, delivery performance and the competitivess in place.<\/li>\n<li>Operating as a contact person between the Customer and the Supplier as long as needed to achieve the desired level<\/li>\n<li>Operating as a Supplier or agency. With this method we can represent several suppliers and provide the Customer with the needed components and materials. Customer will save a lot capacity and the resources<\/li>\n<li>Value added services by buffer stocking the customer&#8217;s parts and materials and delivering them just in time to the right place (Lean priciples)<\/li>\n<li>We can also cooperate with the Purchase Managers of the several companies able to consolidate the usages and negotiate the best prices for all<\/li>\n<li>Outsourcing services to replace the unprofitable manufacturing processes by buying the products profitable.<\/li>\n<\/ul>\n<p>[\/et_pb_text][\/et_pb_column][\/et_pb_row][\/et_pb_section][et_pb_section fb_built=&#8221;1&#8243; admin_label=&#8221;Footer&#8221; _builder_version=&#8221;4.16&#8243; background_image=&#8221;https:\/\/elopart.com\/en\/wp-content\/uploads\/sites\/3\/2018\/12\/business-01.jpg&#8221; parallax=&#8221;on&#8221; custom_padding=&#8221;90px||90px|&#8221; saved_tabs=&#8221;all&#8221; global_colors_info=&#8221;{}&#8221;][et_pb_row use_custom_gutter=&#8221;on&#8221; make_equal=&#8221;on&#8221; module_id=&#8221;yhteydenotto&#8221; _builder_version=&#8221;3.25&#8243; background_size=&#8221;initial&#8221; background_position=&#8221;top_left&#8221; background_repeat=&#8221;repeat&#8221; custom_padding=&#8221;|||&#8221; use_custom_width=&#8221;on&#8221; global_module=&#8221;252&#8243; saved_tabs=&#8221;all&#8221; global_colors_info=&#8221;{}&#8221; column_structure=&#8221;1_3,2_3&#8243;][et_pb_column type=&#8221;1_3&#8243; _builder_version=&#8221;4.16&#8243; background_color=&#8221;#ffffff&#8221; background_position=&#8221;top_left&#8221; custom_padding=&#8221;50px|40px|50px|40px&#8221; custom_padding_phone=&#8221;|20px||20px&#8221; custom_padding_last_edited=&#8221;on|phone&#8221; global_colors_info=&#8221;{}&#8221; padding_phone=&#8221;|20px||20px&#8221; padding_last_edited=&#8221;on|phone&#8221; custom_padding__hover=&#8221;|||&#8221; custom_padding_tablet=&#8221;50px|40px|50px|40px&#8221;][et_pb_text admin_label=&#8221;Contact US Title&#8221; _builder_version=&#8221;4.16&#8243; text_font_size=&#8221;16px&#8221; header_font=&#8221;Montserrat||||&#8221; header_text_color=&#8221;#1f1f1f&#8221; header_font_size=&#8221;22px&#8221; custom_padding=&#8221;0px|0px|0px|0px&#8221; animation_style=&#8221;fold&#8221; animation_direction=&#8221;bottom&#8221; animation_intensity_fold=&#8221;20%&#8221; global_colors_info=&#8221;{}&#8221;]<\/p>\n<h1>Contact infromation<\/h1>\n<p>[\/et_pb_text][et_pb_text admin_label=&#8221;Contact US Text&#8221; _builder_version=&#8221;4.16&#8243; text_font_size=&#8221;16px&#8221; text_line_height=&#8221;1.8em&#8221; header_font=&#8221;||||&#8221; header_text_color=&#8221;#1f1f1f&#8221; custom_margin=&#8221;20px||40px|&#8221; custom_padding=&#8221;0px|0px|0px|0px&#8221; animation_style=&#8221;fold&#8221; animation_direction=&#8221;bottom&#8221; animation_intensity_fold=&#8221;20%&#8221; global_colors_info=&#8221;{}&#8221;]<\/p>\n<p>Contact us and ask more!<\/p>\n<p>[\/et_pb_text][et_pb_blurb use_icon=&#8221;on&#8221; font_icon=&#8221;&#xe081;||divi||400&#8243; icon_color=&#8221;#e9ae36&#8243; icon_placement=&#8221;left&#8221; image_icon_width=&#8221;28px&#8221; image_icon_width_last_edited=&#8221;off|desktop&#8221; admin_label=&#8221;Address&#8221; _builder_version=&#8221;4.21.0&#8243; body_font_size=&#8221;16px&#8221; custom_margin=&#8221;|||&#8221; animation_style=&#8221;fold&#8221; animation_direction=&#8221;bottom&#8221; animation_intensity_fold=&#8221;20%&#8221; hover_enabled=&#8221;0&#8243; icon_font_size=&#8221;28px&#8221; icon_font_size_last_edited=&#8221;off|desktop&#8221; global_colors_info=&#8221;{}&#8221; sticky_enabled=&#8221;0&#8243;]<\/p>\n<p><strong>Elopart Oy<\/strong><\/p>\n<p><strong>Post and visiting address:<\/strong> S\u00e4\u00e4st\u00f6pankinkatu 2<br \/><strong>Warehouse address:<\/strong> Saksankatu 1<br \/>30100 Forssa<br \/>FINLAND<\/p>\n<p>Business ID: 2177899-7<\/p>\n<p>[\/et_pb_blurb][et_pb_blurb use_icon=&#8221;on&#8221; font_icon=&#8221;&#xe00b;||divi||400&#8243; icon_color=&#8221;#e9ae36&#8243; icon_placement=&#8221;left&#8221; image_icon_width=&#8221;28px&#8221; image_icon_width_last_edited=&#8221;off|desktop&#8221; _builder_version=&#8221;4.16&#8243; body_font_size=&#8221;16px&#8221; custom_margin=&#8221;|||&#8221; animation_style=&#8221;fold&#8221; animation_direction=&#8221;bottom&#8221; animation_intensity_fold=&#8221;20%&#8221; icon_font_size=&#8221;28px&#8221; icon_font_size_last_edited=&#8221;off|desktop&#8221; global_colors_info=&#8221;{}&#8221;]<\/p>\n<p><span>+358 40 726 4509<\/span><\/p>\n<p>[\/et_pb_blurb][et_pb_blurb use_icon=&#8221;on&#8221; font_icon=&#8221;&#xe076;||divi||400&#8243; icon_color=&#8221;#e9ae36&#8243; icon_placement=&#8221;left&#8221; image_icon_width=&#8221;28px&#8221; image_icon_width_last_edited=&#8221;off|desktop&#8221; admin_label=&#8221;Email&#8221; _builder_version=&#8221;4.16&#8243; body_font_size=&#8221;16px&#8221; custom_margin=&#8221;|||&#8221; animation_style=&#8221;fold&#8221; animation_direction=&#8221;bottom&#8221; animation_intensity_fold=&#8221;20%&#8221; icon_font_size=&#8221;28px&#8221; icon_font_size_last_edited=&#8221;off|desktop&#8221; global_colors_info=&#8221;{}&#8221;]<\/p>\n<p>vesa.ylosmaki@elopart.com<\/p>\n<p>[\/et_pb_blurb][et_pb_social_media_follow _builder_version=&#8221;4.16&#8243; global_colors_info=&#8221;{}&#8221;][\/et_pb_social_media_follow][\/et_pb_column][et_pb_column type=&#8221;2_3&#8243; _builder_version=&#8221;4.16&#8243; background_color=&#8221;#ffffff&#8221; background_position=&#8221;top_left&#8221; custom_padding=&#8221;50px|40px|50px|40px&#8221; custom_padding_phone=&#8221;50px|20px|50px|20px||&#8221; custom_padding_last_edited=&#8221;on|desktop&#8221; global_colors_info=&#8221;{}&#8221; padding_phone=&#8221;50px|20px|50px|20px||&#8221; padding_last_edited=&#8221;on|desktop&#8221; custom_padding__hover=&#8221;|||&#8221; custom_padding_tablet=&#8221;50px|40px|50px|40px&#8221;][et_pb_contact_form email=&#8221;vesa.ylosmaki@elopart.com&#8221; title=&#8221;Contact us&#8221; success_message=&#8221;Thank you for the message! We&#8217;ll contact you soon.&#8221; submit_button_text=&#8221;Send&#8221; module_id=&#8221;et_pb_contact_form_1&#8243; _builder_version=&#8221;4.16&#8243; _unique_id=&#8221;783c6145-27ca-49f5-87ac-3c6aee181ee3&#8243; form_field_background_color=&#8221;rgba(255,255,255,0)&#8221; title_font=&#8221;Montserrat||||&#8221; title_font_size=&#8221;22px&#8221; custom_button=&#8221;on&#8221; button_text_size=&#8221;18px&#8221; button_text_color=&#8221;#ffffff&#8221; button_bg_color=&#8221;#e9ae36&#8243; button_border_width=&#8221;0px&#8221; button_border_color=&#8221;#e9ae36&#8243; button_border_radius=&#8221;3px&#8221; button_letter_spacing=&#8221;2px&#8221; button_font=&#8221;Montserrat|||on|&#8221; button_use_icon=&#8221;off&#8221; animation_style=&#8221;fold&#8221; animation_direction=&#8221;bottom&#8221; animation_intensity_fold=&#8221;20%&#8221; border_width_all=&#8221;1px&#8221; border_color_all=&#8221;rgba(0,0,0,0.12)&#8221; border_style_all=&#8221;solid&#8221; use_border_color=&#8221;on&#8221; border_color=&#8221;rgba(0,0,0,0.12)&#8221; form_background_color=&#8221;rgba(255,255,255,0)&#8221; global_colors_info=&#8221;{}&#8221;][et_pb_contact_field field_id=&#8221;Name&#8221; field_title=&#8221;Name&#8221; fullwidth_field=&#8221;on&#8221; _builder_version=&#8221;4.16&#8243; form_field_font=&#8221;||||||||&#8221; global_colors_info=&#8221;{}&#8221; button_text_size__hover_enabled=&#8221;off&#8221; button_one_text_size__hover_enabled=&#8221;off&#8221; button_two_text_size__hover_enabled=&#8221;off&#8221; button_text_color__hover_enabled=&#8221;off&#8221; button_one_text_color__hover_enabled=&#8221;off&#8221; button_two_text_color__hover_enabled=&#8221;off&#8221; button_border_width__hover_enabled=&#8221;off&#8221; button_one_border_width__hover_enabled=&#8221;off&#8221; button_two_border_width__hover_enabled=&#8221;off&#8221; button_border_color__hover_enabled=&#8221;off&#8221; button_one_border_color__hover_enabled=&#8221;off&#8221; button_two_border_color__hover_enabled=&#8221;off&#8221; button_border_radius__hover_enabled=&#8221;off&#8221; button_one_border_radius__hover_enabled=&#8221;off&#8221; button_two_border_radius__hover_enabled=&#8221;off&#8221; button_letter_spacing__hover_enabled=&#8221;off&#8221; button_one_letter_spacing__hover_enabled=&#8221;off&#8221; button_two_letter_spacing__hover_enabled=&#8221;off&#8221; button_bg_color__hover_enabled=&#8221;off&#8221; button_one_bg_color__hover_enabled=&#8221;off&#8221; button_two_bg_color__hover_enabled=&#8221;off&#8221;][\/et_pb_contact_field][et_pb_contact_field field_id=&#8221;E-mail&#8221; field_title=&#8221;E-mail&#8221; field_type=&#8221;email&#8221; fullwidth_field=&#8221;on&#8221; _builder_version=&#8221;4.16&#8243; global_colors_info=&#8221;{}&#8221; button_text_size__hover_enabled=&#8221;off&#8221; button_one_text_size__hover_enabled=&#8221;off&#8221; button_two_text_size__hover_enabled=&#8221;off&#8221; button_text_color__hover_enabled=&#8221;off&#8221; button_one_text_color__hover_enabled=&#8221;off&#8221; button_two_text_color__hover_enabled=&#8221;off&#8221; button_border_width__hover_enabled=&#8221;off&#8221; button_one_border_width__hover_enabled=&#8221;off&#8221; button_two_border_width__hover_enabled=&#8221;off&#8221; button_border_color__hover_enabled=&#8221;off&#8221; button_one_border_color__hover_enabled=&#8221;off&#8221; button_two_border_color__hover_enabled=&#8221;off&#8221; button_border_radius__hover_enabled=&#8221;off&#8221; button_one_border_radius__hover_enabled=&#8221;off&#8221; button_two_border_radius__hover_enabled=&#8221;off&#8221; button_letter_spacing__hover_enabled=&#8221;off&#8221; button_one_letter_spacing__hover_enabled=&#8221;off&#8221; button_two_letter_spacing__hover_enabled=&#8221;off&#8221; button_bg_color__hover_enabled=&#8221;off&#8221; button_one_bg_color__hover_enabled=&#8221;off&#8221; button_two_bg_color__hover_enabled=&#8221;off&#8221;][\/et_pb_contact_field][et_pb_contact_field field_id=&#8221;Phone&#8221; field_title=&#8221;Phone&#8221; fullwidth_field=&#8221;on&#8221; _builder_version=&#8221;4.16&#8243; global_colors_info=&#8221;{}&#8221;][\/et_pb_contact_field][et_pb_contact_field field_id=&#8221;Message&#8221; field_title=&#8221;Type your message to us here&#8230;&#8221; field_type=&#8221;text&#8221; fullwidth_field=&#8221;on&#8221; _builder_version=&#8221;4.16&#8243; global_colors_info=&#8221;{}&#8221; button_text_size__hover_enabled=&#8221;off&#8221; button_one_text_size__hover_enabled=&#8221;off&#8221; button_two_text_size__hover_enabled=&#8221;off&#8221; button_text_color__hover_enabled=&#8221;off&#8221; button_one_text_color__hover_enabled=&#8221;off&#8221; button_two_text_color__hover_enabled=&#8221;off&#8221; button_border_width__hover_enabled=&#8221;off&#8221; button_one_border_width__hover_enabled=&#8221;off&#8221; button_two_border_width__hover_enabled=&#8221;off&#8221; button_border_color__hover_enabled=&#8221;off&#8221; button_one_border_color__hover_enabled=&#8221;off&#8221; button_two_border_color__hover_enabled=&#8221;off&#8221; button_border_radius__hover_enabled=&#8221;off&#8221; button_one_border_radius__hover_enabled=&#8221;off&#8221; button_two_border_radius__hover_enabled=&#8221;off&#8221; button_letter_spacing__hover_enabled=&#8221;off&#8221; button_one_letter_spacing__hover_enabled=&#8221;off&#8221; button_two_letter_spacing__hover_enabled=&#8221;off&#8221; button_bg_color__hover_enabled=&#8221;off&#8221; button_one_bg_color__hover_enabled=&#8221;off&#8221; button_two_bg_color__hover_enabled=&#8221;off&#8221;][\/et_pb_contact_field][\/et_pb_contact_form][\/et_pb_column][\/et_pb_row][\/et_pb_section]<\/p>\n","protected":false},"excerpt":{"rendered":"<p>ServicesThe requirements from the Customers are getting more tighter year by year. Able to avoid product manufacturing to be transferred elsewhere by the final Customer, we have to find more competitiveness very quickly. Elopart Oy was established based on this task. We concentrate mostly to small and medium size companies.\u00a0Together with our Customers, we will [&hellip;]<\/p>\n","protected":false},"author":1,"featured_media":0,"parent":0,"menu_order":0,"comment_status":"closed","ping_status":"closed","template":"","meta":{"_et_pb_use_builder":"on","_et_pb_old_content":"","_et_gb_content_width":"","footnotes":""},"yoast_head":"<!-- This site is optimized with the Yoast SEO plugin v22.9 - https:\/\/yoast.com\/wordpress\/plugins\/seo\/ -->\n<title>Services - Elopart English<\/title>\n<meta name=\"robots\" content=\"index, follow, max-snippet:-1, max-image-preview:large, max-video-preview:-1\" \/>\n<link rel=\"canonical\" href=\"https:\/\/elopart.com\/en\/services\/\" \/>\n<meta property=\"og:locale\" content=\"fi_FI\" \/>\n<meta property=\"og:type\" content=\"article\" \/>\n<meta property=\"og:title\" content=\"Services - Elopart English\" \/>\n<meta property=\"og:description\" content=\"ServicesThe requirements from the Customers are getting more tighter year by year. Able to avoid product manufacturing to be transferred elsewhere by the final Customer, we have to find more competitiveness very quickly. Elopart Oy was established based on this task. We concentrate mostly to small and medium size companies.\u00a0Together with our Customers, we will [&hellip;]\" \/>\n<meta property=\"og:url\" content=\"https:\/\/elopart.com\/en\/services\/\" \/>\n<meta property=\"og:site_name\" content=\"Elopart English\" \/>\n<meta property=\"article:modified_time\" content=\"2023-06-08T16:52:24+00:00\" \/>\n<meta name=\"twitter:card\" content=\"summary_large_image\" \/>\n<meta name=\"twitter:label1\" content=\"Arvioitu lukuaika\" \/>\n\t<meta name=\"twitter:data1\" content=\"11 minuuttia\" \/>\n<script type=\"application\/ld+json\" class=\"yoast-schema-graph\">{\"@context\":\"https:\/\/schema.org\",\"@graph\":[{\"@type\":\"WebPage\",\"@id\":\"https:\/\/elopart.com\/en\/services\/\",\"url\":\"https:\/\/elopart.com\/en\/services\/\",\"name\":\"Services - Elopart English\",\"isPartOf\":{\"@id\":\"https:\/\/elopart.com\/en\/#website\"},\"datePublished\":\"2018-12-20T07:21:38+00:00\",\"dateModified\":\"2023-06-08T16:52:24+00:00\",\"breadcrumb\":{\"@id\":\"https:\/\/elopart.com\/en\/services\/#breadcrumb\"},\"inLanguage\":\"fi\",\"potentialAction\":[{\"@type\":\"ReadAction\",\"target\":[\"https:\/\/elopart.com\/en\/services\/\"]}]},{\"@type\":\"BreadcrumbList\",\"@id\":\"https:\/\/elopart.com\/en\/services\/#breadcrumb\",\"itemListElement\":[{\"@type\":\"ListItem\",\"position\":1,\"name\":\"Home\",\"item\":\"https:\/\/elopart.com\/en\/\"},{\"@type\":\"ListItem\",\"position\":2,\"name\":\"Services\"}]},{\"@type\":\"WebSite\",\"@id\":\"https:\/\/elopart.com\/en\/#website\",\"url\":\"https:\/\/elopart.com\/en\/\",\"name\":\"Elopart English\",\"description\":\"Specialised to international and competitive procurement- and global sourcing services\",\"potentialAction\":[{\"@type\":\"SearchAction\",\"target\":{\"@type\":\"EntryPoint\",\"urlTemplate\":\"https:\/\/elopart.com\/en\/?s={search_term_string}\"},\"query-input\":\"required name=search_term_string\"}],\"inLanguage\":\"fi\"}]}<\/script>\n<!-- \/ Yoast SEO plugin. -->","yoast_head_json":{"title":"Services - Elopart English","robots":{"index":"index","follow":"follow","max-snippet":"max-snippet:-1","max-image-preview":"max-image-preview:large","max-video-preview":"max-video-preview:-1"},"canonical":"https:\/\/elopart.com\/en\/services\/","og_locale":"fi_FI","og_type":"article","og_title":"Services - Elopart English","og_description":"ServicesThe requirements from the Customers are getting more tighter year by year. Able to avoid product manufacturing to be transferred elsewhere by the final Customer, we have to find more competitiveness very quickly. Elopart Oy was established based on this task. We concentrate mostly to small and medium size companies.\u00a0Together with our Customers, we will [&hellip;]","og_url":"https:\/\/elopart.com\/en\/services\/","og_site_name":"Elopart English","article_modified_time":"2023-06-08T16:52:24+00:00","twitter_card":"summary_large_image","twitter_misc":{"Arvioitu lukuaika":"11 minuuttia"},"schema":{"@context":"https:\/\/schema.org","@graph":[{"@type":"WebPage","@id":"https:\/\/elopart.com\/en\/services\/","url":"https:\/\/elopart.com\/en\/services\/","name":"Services - Elopart English","isPartOf":{"@id":"https:\/\/elopart.com\/en\/#website"},"datePublished":"2018-12-20T07:21:38+00:00","dateModified":"2023-06-08T16:52:24+00:00","breadcrumb":{"@id":"https:\/\/elopart.com\/en\/services\/#breadcrumb"},"inLanguage":"fi","potentialAction":[{"@type":"ReadAction","target":["https:\/\/elopart.com\/en\/services\/"]}]},{"@type":"BreadcrumbList","@id":"https:\/\/elopart.com\/en\/services\/#breadcrumb","itemListElement":[{"@type":"ListItem","position":1,"name":"Home","item":"https:\/\/elopart.com\/en\/"},{"@type":"ListItem","position":2,"name":"Services"}]},{"@type":"WebSite","@id":"https:\/\/elopart.com\/en\/#website","url":"https:\/\/elopart.com\/en\/","name":"Elopart English","description":"Specialised to international and competitive procurement- and global sourcing services","potentialAction":[{"@type":"SearchAction","target":{"@type":"EntryPoint","urlTemplate":"https:\/\/elopart.com\/en\/?s={search_term_string}"},"query-input":"required name=search_term_string"}],"inLanguage":"fi"}]}},"_links":{"self":[{"href":"https:\/\/elopart.com\/en\/wp-json\/wp\/v2\/pages\/58"}],"collection":[{"href":"https:\/\/elopart.com\/en\/wp-json\/wp\/v2\/pages"}],"about":[{"href":"https:\/\/elopart.com\/en\/wp-json\/wp\/v2\/types\/page"}],"author":[{"embeddable":true,"href":"https:\/\/elopart.com\/en\/wp-json\/wp\/v2\/users\/1"}],"replies":[{"embeddable":true,"href":"https:\/\/elopart.com\/en\/wp-json\/wp\/v2\/comments?post=58"}],"version-history":[{"count":3,"href":"https:\/\/elopart.com\/en\/wp-json\/wp\/v2\/pages\/58\/revisions"}],"predecessor-version":[{"id":344,"href":"https:\/\/elopart.com\/en\/wp-json\/wp\/v2\/pages\/58\/revisions\/344"}],"wp:attachment":[{"href":"https:\/\/elopart.com\/en\/wp-json\/wp\/v2\/media?parent=58"}],"curies":[{"name":"wp","href":"https:\/\/api.w.org\/{rel}","templated":true}]}}